{"id":517,"date":"2017-02-05T12:41:54","date_gmt":"2017-02-05T11:41:54","guid":{"rendered":"http:\/\/bursaintegracyjna.szczecin.pl\/wordpress\/?page_id=517"},"modified":"2023-08-24T16:26:41","modified_gmt":"2023-08-24T14:26:41","slug":"oferta","status":"publish","type":"page","link":"https:\/\/bursaintegracyjna.szczecin.pl\/index.php\/oferta\/","title":{"rendered":"Oferta"},"content":{"rendered":"<p><span style=\"font-size: medium; color: #000000;\"><strong>Warunki socjalno-bytowe:<\/strong><\/span><\/p>\n<ul>\n<li><span style=\"font-size: medium; color: #000000;\">zakwaterowanie w pokojach 3-4 osobowych, <\/span><\/li>\n<li><span style=\"font-size: medium; color: #000000;\">ca\u0142odzienne wy\u017cywienie, <\/span><\/li>\n<li><span style=\"font-size: medium; color: #000000;\">biblioteka i czytelnia, <\/span><\/li>\n<li><span style=\"font-size: medium; color: #000000;\">klub, <\/span><\/li>\n<li><span style=\"font-size: medium; color: #000000;\">\u015bwietlica,<\/span><\/li>\n<li><span style=\"font-size: medium; color: #000000;\">bezprzewodowy Internet<br \/>\n<\/span><\/li>\n<li><span style=\"font-size: medium; color: #000000;\">bilard, tenis sto\u0142owy.<\/span><\/li>\n<\/ul>\n<p><span style=\"font-size: medium; color: #000000;\">Bursa w obecnym roku szkolnym rozpocz\u0119\u0142a proces stopniowej modernizacji zar\u00f3wno z zewn\u0105trz jak i w wewn\u0105trz plac\u00f3wki.<\/span><\/p>\n<p><span style=\"font-size: medium; color: #000000;\">Prace odbywa\u0107 si\u0119 b\u0119d\u0105 w kilku etapach.<\/span><\/p>\n<p><span style=\"font-size: medium; color: #000000;\">W minionym roku wymieniony zosta\u0142 dach na ca\u0142ym budynku.<\/span><\/p>\n<p><span style=\"font-size: medium;\"><img class=\"wp-image-324 alignnone alignleft\" src=\"http:\/\/bursaintegracyjna.szczecin.pl\/wordpress\/wp-content\/uploads\/2011\/03\/064.jpg\" width=\"313\" height=\"176\" border=\"0\" srcset=\"https:\/\/bursaintegracyjna.szczecin.pl\/wordpress\/wp-content\/uploads\/2011\/03\/064.jpg 1120w, https:\/\/bursaintegracyjna.szczecin.pl\/wordpress\/wp-content\/uploads\/2011\/03\/064-300x169.jpg 300w, https:\/\/bursaintegracyjna.szczecin.pl\/wordpress\/wp-content\/uploads\/2011\/03\/064-768x432.jpg 768w, https:\/\/bursaintegracyjna.szczecin.pl\/wordpress\/wp-content\/uploads\/2011\/03\/064-1024x576.jpg 1024w, https:\/\/bursaintegracyjna.szczecin.pl\/wordpress\/wp-content\/uploads\/2011\/03\/064-770x433.jpg 770w\" sizes=\"(max-width: 313px) 100vw, 313px\" \/> <img class=\"alignnone wp-image-323 alignleft\" src=\"http:\/\/bursaintegracyjna.szczecin.pl\/wordpress\/wp-content\/uploads\/2011\/03\/055-300x167.jpg\" alt=\"\" width=\"319\" height=\"178\" srcset=\"https:\/\/bursaintegracyjna.szczecin.pl\/wordpress\/wp-content\/uploads\/2011\/03\/055-300x167.jpg 300w, https:\/\/bursaintegracyjna.szczecin.pl\/wordpress\/wp-content\/uploads\/2011\/03\/055-768x428.jpg 768w, https:\/\/bursaintegracyjna.szczecin.pl\/wordpress\/wp-content\/uploads\/2011\/03\/055-770x429.jpg 770w, https:\/\/bursaintegracyjna.szczecin.pl\/wordpress\/wp-content\/uploads\/2011\/03\/055.jpg 1014w\" sizes=\"(max-width: 319px) 100vw, 319px\" \/><br \/>\n<\/span><\/p>\n<p>&nbsp;<\/p>\n<p>&nbsp;<\/p>\n<p>&nbsp;<\/p>\n<p><span style=\"font-size: medium; color: #000000;\"><span style=\"font-size: medium;\">Zmodernizowany zosta\u0142 hol wej\u015bciowy do bursy, klatka schodowa oraz korytarze i drzwi wej\u015bciowe do pokoi na pierwszym pi\u0119trze.<\/span><\/span><\/p>\n<p style=\"text-align: left;\"><span style=\"font-size: medium;\"><span style=\"font-size: medium;\">&nbsp;<\/span><\/span><span style=\"font-size: medium;\"><span class=\"alignleft\" style=\"font-size: medium;\">&nbsp; <img class=\"wp-image-325 alignleft\" src=\"http:\/\/bursaintegracyjna.szczecin.pl\/wordpress\/wp-content\/uploads\/2011\/03\/019-300x183.jpg\" alt=\"\" width=\"208\" height=\"127\" srcset=\"https:\/\/bursaintegracyjna.szczecin.pl\/wordpress\/wp-content\/uploads\/2011\/03\/019-300x183.jpg 300w, https:\/\/bursaintegracyjna.szczecin.pl\/wordpress\/wp-content\/uploads\/2011\/03\/019-768x468.jpg 768w, https:\/\/bursaintegracyjna.szczecin.pl\/wordpress\/wp-content\/uploads\/2011\/03\/019-770x469.jpg 770w, https:\/\/bursaintegracyjna.szczecin.pl\/wordpress\/wp-content\/uploads\/2011\/03\/019.jpg 1012w\" sizes=\"(max-width: 208px) 100vw, 208px\" \/>&nbsp; <img class=\"wp-image-326 alignleft\" src=\"http:\/\/bursaintegracyjna.szczecin.pl\/wordpress\/wp-content\/uploads\/2011\/03\/020-300x179.jpg\" alt=\"\" width=\"214\" height=\"128\" srcset=\"https:\/\/bursaintegracyjna.szczecin.pl\/wordpress\/wp-content\/uploads\/2011\/03\/020-300x179.jpg 300w, https:\/\/bursaintegracyjna.szczecin.pl\/wordpress\/wp-content\/uploads\/2011\/03\/020-768x458.jpg 768w, https:\/\/bursaintegracyjna.szczecin.pl\/wordpress\/wp-content\/uploads\/2011\/03\/020-1024x610.jpg 1024w, https:\/\/bursaintegracyjna.szczecin.pl\/wordpress\/wp-content\/uploads\/2011\/03\/020-770x459.jpg 770w, https:\/\/bursaintegracyjna.szczecin.pl\/wordpress\/wp-content\/uploads\/2011\/03\/020.jpg 1057w\" sizes=\"(max-width: 214px) 100vw, 214px\" \/>&nbsp; <img class=\"wp-image-327 alignleft\" src=\"http:\/\/bursaintegracyjna.szczecin.pl\/wordpress\/wp-content\/uploads\/2011\/03\/040-300x169.jpg\" alt=\"\" width=\"225\" height=\"127\" srcset=\"https:\/\/bursaintegracyjna.szczecin.pl\/wordpress\/wp-content\/uploads\/2011\/03\/040-300x169.jpg 300w, https:\/\/bursaintegracyjna.szczecin.pl\/wordpress\/wp-content\/uploads\/2011\/03\/040-768x432.jpg 768w, https:\/\/bursaintegracyjna.szczecin.pl\/wordpress\/wp-content\/uploads\/2011\/03\/040-1024x576.jpg 1024w, https:\/\/bursaintegracyjna.szczecin.pl\/wordpress\/wp-content\/uploads\/2011\/03\/040-437x248.jpg 437w, https:\/\/bursaintegracyjna.szczecin.pl\/wordpress\/wp-content\/uploads\/2011\/03\/040-770x433.jpg 770w, https:\/\/bursaintegracyjna.szczecin.pl\/wordpress\/wp-content\/uploads\/2011\/03\/040.jpg 1120w\" sizes=\"(max-width: 225px) 100vw, 225px\" \/><br \/>\n<\/span><\/span><\/p>\n<p><span style=\"font-size: medium; color: #000000;\">Jeszcze w roku 2016 rozpocznie si\u0119 modernizacja tzw. du\u017cych \u0142azienek w naszej plac\u00f3wce. Powstan\u0105 salony k\u0105pielowe z podgrzewan\u0105 pod\u0142og\u0105,z nowoczesn\u0105 armatur\u0105, zwi\u0119kszy si\u0119 ilo\u015b\u0107 kabin natryskowych, b\u0119dzie pod\u0142\u0105czenie do pralek, podr\u0119czny magazynek z suszarni\u0105.<\/span><\/p>\n<p><span style=\"font-size: medium; color: #000000;\">W nast\u0119pnym etapie zostan\u0105 wyremontowane pozosta\u0142e korytarze i sanitariaty.<\/span><\/p>\n<p><span style=\"font-size: medium; color: #000000;\"><span style=\"text-decoration: underline;\"><strong>WY\u017bYWIENIE<\/strong><\/span><\/span><\/p>\n<p style=\"text-align: center;\"><span style=\"font-family: book antiqua,palatino; color: #000000;\"><span style=\"font-size: medium;\">Bursa zapewnia m\u0142odzie\u017cy 3 pe\u0142nowarto\u015bciowe posi\u0142ki dziennie.<br \/>\n\u015aniadania i kolacje podawane s\u0105 w formie og\u00f3lnodost\u0119pnego bufetu,<br \/>\nsk\u0142adaj\u0105cego si\u0119 z r\u00f3\u017cnego rodzaju ser\u00f3w,w\u0119dlin,warzyw,produkt\u00f3w mlecznych i zbo\u017cowych.<br \/>\nM\u0142odzie\u017c ma do dyspozycji tostery,opiekacz i kuchenk\u0119 mikrofalow\u0105.<br \/>\nObiady serwujemy dwudaniowe gotowane od podstaw w naszej kuchni.<br \/>\nPreferujemy smaki domowej kuchni staropolskiej z nut\u0105 nowoczesno\u015bci.<\/span><\/span><\/p>\n<p style=\"text-align: left;\"><span style=\"font-family: book antiqua,palatino;\"><span style=\"font-size: medium;\"><img class=\"wp-image-333 alignleft\" src=\"http:\/\/bursaintegracyjna.szczecin.pl\/wordpress\/wp-content\/uploads\/2011\/03\/jedzenie6-300x300.jpg\" alt=\"\" width=\"218\" height=\"218\" srcset=\"https:\/\/bursaintegracyjna.szczecin.pl\/wordpress\/wp-content\/uploads\/2011\/03\/jedzenie6-300x300.jpg 300w, https:\/\/bursaintegracyjna.szczecin.pl\/wordpress\/wp-content\/uploads\/2011\/03\/jedzenie6-150x150.jpg 150w, https:\/\/bursaintegracyjna.szczecin.pl\/wordpress\/wp-content\/uploads\/2011\/03\/jedzenie6.jpg 672w\" sizes=\"(max-width: 218px) 100vw, 218px\" \/> <img class=\"wp-image-332 alignleft\" src=\"http:\/\/bursaintegracyjna.szczecin.pl\/wordpress\/wp-content\/uploads\/2011\/03\/jedzenie5-300x300.jpg\" alt=\"\" width=\"206\" height=\"206\" srcset=\"https:\/\/bursaintegracyjna.szczecin.pl\/wordpress\/wp-content\/uploads\/2011\/03\/jedzenie5-300x300.jpg 300w, https:\/\/bursaintegracyjna.szczecin.pl\/wordpress\/wp-content\/uploads\/2011\/03\/jedzenie5-150x150.jpg 150w, https:\/\/bursaintegracyjna.szczecin.pl\/wordpress\/wp-content\/uploads\/2011\/03\/jedzenie5.jpg 768w\" sizes=\"(max-width: 206px) 100vw, 206px\" \/> <img class=\"wp-image-331 alignleft\" src=\"http:\/\/bursaintegracyjna.szczecin.pl\/wordpress\/wp-content\/uploads\/2011\/03\/jedzenie4-300x300.jpg\" alt=\"\" width=\"222\" height=\"222\" srcset=\"https:\/\/bursaintegracyjna.szczecin.pl\/wordpress\/wp-content\/uploads\/2011\/03\/jedzenie4-300x300.jpg 300w, https:\/\/bursaintegracyjna.szczecin.pl\/wordpress\/wp-content\/uploads\/2011\/03\/jedzenie4-150x150.jpg 150w, https:\/\/bursaintegracyjna.szczecin.pl\/wordpress\/wp-content\/uploads\/2011\/03\/jedzenie4.jpg 768w\" sizes=\"(max-width: 222px) 100vw, 222px\" \/> <img class=\"wp-image-330 alignleft\" src=\"http:\/\/bursaintegracyjna.szczecin.pl\/wordpress\/wp-content\/uploads\/2011\/03\/jedzenie3-300x300.jpg\" alt=\"\" width=\"225\" height=\"225\" srcset=\"https:\/\/bursaintegracyjna.szczecin.pl\/wordpress\/wp-content\/uploads\/2011\/03\/jedzenie3-300x300.jpg 300w, https:\/\/bursaintegracyjna.szczecin.pl\/wordpress\/wp-content\/uploads\/2011\/03\/jedzenie3-150x150.jpg 150w, https:\/\/bursaintegracyjna.szczecin.pl\/wordpress\/wp-content\/uploads\/2011\/03\/jedzenie3.jpg 672w\" sizes=\"(max-width: 225px) 100vw, 225px\" \/> <img class=\"wp-image-328 alignleft\" src=\"http:\/\/bursaintegracyjna.szczecin.pl\/wordpress\/wp-content\/uploads\/2011\/03\/jedzenie1-300x300.jpg\" alt=\"\" width=\"226\" height=\"226\" srcset=\"https:\/\/bursaintegracyjna.szczecin.pl\/wordpress\/wp-content\/uploads\/2011\/03\/jedzenie1-300x300.jpg 300w, https:\/\/bursaintegracyjna.szczecin.pl\/wordpress\/wp-content\/uploads\/2011\/03\/jedzenie1-150x150.jpg 150w, https:\/\/bursaintegracyjna.szczecin.pl\/wordpress\/wp-content\/uploads\/2011\/03\/jedzenie1.jpg 672w\" sizes=\"(max-width: 226px) 100vw, 226px\" \/> <img class=\"wp-image-329 alignleft\" src=\"http:\/\/bursaintegracyjna.szczecin.pl\/wordpress\/wp-content\/uploads\/2011\/03\/jedzenie2-300x300.jpg\" alt=\"\" width=\"225\" height=\"225\" srcset=\"https:\/\/bursaintegracyjna.szczecin.pl\/wordpress\/wp-content\/uploads\/2011\/03\/jedzenie2-300x300.jpg 300w, https:\/\/bursaintegracyjna.szczecin.pl\/wordpress\/wp-content\/uploads\/2011\/03\/jedzenie2-150x150.jpg 150w, https:\/\/bursaintegracyjna.szczecin.pl\/wordpress\/wp-content\/uploads\/2011\/03\/jedzenie2.jpg 672w\" sizes=\"(max-width: 225px) 100vw, 225px\" \/> <\/span><\/span><\/p>\n<p style=\"text-align: left;\">&nbsp;<\/p>\n<p style=\"text-align: left;\">&nbsp;<\/p>\n<p style=\"text-align: left;\">&nbsp;<\/p>\n<p style=\"text-align: left;\">&nbsp;<\/p>\n<p style=\"text-align: left;\">&nbsp;<\/p>\n<p style=\"text-align: left;\">&nbsp;<\/p>\n<p style=\"text-align: left;\">&nbsp;<\/p>\n<p style=\"text-align: left;\">&nbsp;<\/p>\n<p>&nbsp;<\/p>\n<p>&nbsp;<\/p>\n<p><span style=\"color: #000000;\"><strong>Umo\u017cliwiamy wychowankom uczestnictwo w:<\/strong><\/span><\/p>\n<ul>\n<li><span style=\"color: #000000;\">zaj\u0119ciach integracyjno-wychowawczych,<\/span><\/li>\n<li><span style=\"color: #000000;\">wyj\u015bciach do kina, teatru, filharmonii i muzeum,<\/span><\/li>\n<li><span style=\"color: #000000;\">zaj\u0119ciach rozwijaj\u0105cych zainteresowania i promuj\u0105cych m\u0142ode talenty,<\/span><\/li>\n<li><span style=\"color: #000000;\">konkursach wiedzy, plastycznych i literackich,<\/span><\/li>\n<li><span style=\"color: #000000;\">zawodach i rozgrywkach sportowych,<\/span><\/li>\n<li><span style=\"color: #000000;\">wolontariacie na rzecz Zachodniopomorskiego Hospicjum dla Dzieci, \u015bwietlicy \u015brodowiskowej lub schroniska dla bezdomnych zwierz\u0105t<\/span><\/li>\n<li><span style=\"color: #000000;\">mo\u017cliwo\u015b\u0107 uczestnictwa w realizacji r\u00f3\u017cnych projekt\u00f3w i pozyskaniu na ten cel \u015brodk\u00f3w unijnych,<\/span><\/li>\n<li><span style=\"color: #000000;\">imprezach i uroczysto\u015bciach wynikaj\u0105cych z tradycji bursy.<\/span><\/li>\n<\/ul>\n<p style=\"text-align: center;\"><strong><span style=\"font-size: medium;\">Cennik:<a href=\"http:\/\/bursaintegracyjna.szczecin.pl\/index.php\/cennik\/\"> Kliknij tutaj<\/a><\/span><\/strong><\/p>\n","protected":false},"excerpt":{"rendered":"<p>Warunki socjalno-bytowe: zakwaterowanie w pokojach 3-4 osobowych, ca\u0142odzienne wy\u017cywienie, biblioteka i czytelnia, klub, \u015bwietlica, bezprzewodowy Internet bilard, tenis sto\u0142owy. Bursa w obecnym roku szkolnym rozpocz\u0119\u0142a proces stopniowej modernizacji zar\u00f3wno z &#8230;<\/p>\n","protected":false},"author":1,"featured_media":0,"parent":0,"menu_order":0,"comment_status":"closed","ping_status":"closed","template":"","meta":{"ngg_post_thumbnail":0},"yoast_head":"<!-- This site is optimized with the Yoast SEO plugin v18.9 - https:\/\/yoast.com\/wordpress\/plugins\/seo\/ -->\n<title>Oferta - Bursa Szkolna Integracyjna<\/title>\n<meta name=\"robots\" content=\"index, follow, max-snippet:-1, max-image-preview:large, max-video-preview:-1\" \/>\n<link rel=\"canonical\" href=\"http:\/\/bursaintegracyjna.szczecin.pl\/index.php\/oferta\/\" \/>\n<meta property=\"og:locale\" content=\"pl_PL\" \/>\n<meta property=\"og:type\" content=\"article\" \/>\n<meta property=\"og:title\" content=\"Oferta - Bursa Szkolna Integracyjna\" \/>\n<meta property=\"og:description\" content=\"Warunki socjalno-bytowe: zakwaterowanie w pokojach 3-4 osobowych, ca\u0142odzienne wy\u017cywienie, biblioteka i czytelnia, klub, \u015bwietlica, bezprzewodowy Internet bilard, tenis sto\u0142owy. Bursa w obecnym roku szkolnym rozpocz\u0119\u0142a proces stopniowej modernizacji zar\u00f3wno z ...\" \/>\n<meta property=\"og:url\" content=\"http:\/\/bursaintegracyjna.szczecin.pl\/index.php\/oferta\/\" \/>\n<meta property=\"og:site_name\" content=\"Bursa Szkolna Integracyjna\" \/>\n<meta property=\"article:modified_time\" content=\"2023-08-24T14:26:41+00:00\" \/>\n<meta property=\"og:image\" content=\"http:\/\/bursaintegracyjna.szczecin.pl\/wordpress\/wp-content\/uploads\/2011\/03\/064.jpg\" \/>\n<meta name=\"twitter:card\" content=\"summary\" \/>\n<meta name=\"twitter:label1\" content=\"Szacowany czas czytania\" \/>\n\t<meta name=\"twitter:data1\" content=\"4 minuty\" \/>\n<script type=\"application\/ld+json\" class=\"yoast-schema-graph\">{\"@context\":\"https:\/\/schema.org\",\"@graph\":[{\"@type\":\"Organization\",\"@id\":\"http:\/\/bursaintegracyjna.szczecin.pl\/#organization\",\"name\":\"Bursa Szkolna Integracyjna\",\"url\":\"http:\/\/bursaintegracyjna.szczecin.pl\/\",\"sameAs\":[],\"logo\":{\"@type\":\"ImageObject\",\"inLanguage\":\"pl-PL\",\"@id\":\"http:\/\/bursaintegracyjna.szczecin.pl\/#\/schema\/logo\/image\/\",\"url\":\"http:\/\/bursaintegracyjna.szczecin.pl\/wordpress\/wp-content\/uploads\/2017\/01\/indeks.png\",\"contentUrl\":\"http:\/\/bursaintegracyjna.szczecin.pl\/wordpress\/wp-content\/uploads\/2017\/01\/indeks.png\",\"width\":645,\"height\":826,\"caption\":\"Bursa Szkolna Integracyjna\"},\"image\":{\"@id\":\"http:\/\/bursaintegracyjna.szczecin.pl\/#\/schema\/logo\/image\/\"}},{\"@type\":\"WebSite\",\"@id\":\"http:\/\/bursaintegracyjna.szczecin.pl\/#website\",\"url\":\"http:\/\/bursaintegracyjna.szczecin.pl\/\",\"name\":\"Bursa Szkolna Integracyjna\",\"description\":\"Bursa Szkolna Integracyjna - \u201eBursa przy Zygmunta\u201d to plac\u00f3wka wyj\u0105tkowa, skupiaj\u0105ca m\u0142odzie\u017c w r\u00f3\u017cnym wieku, z r\u00f3\u017cnych \u015brodowisk z terenu ca\u0142ego wojew\u00f3dztwa, a nawet kraju.\",\"publisher\":{\"@id\":\"http:\/\/bursaintegracyjna.szczecin.pl\/#organization\"},\"potentialAction\":[{\"@type\":\"SearchAction\",\"target\":{\"@type\":\"EntryPoint\",\"urlTemplate\":\"http:\/\/bursaintegracyjna.szczecin.pl\/?s={search_term_string}\"},\"query-input\":\"required name=search_term_string\"}],\"inLanguage\":\"pl-PL\"},{\"@type\":\"ImageObject\",\"inLanguage\":\"pl-PL\",\"@id\":\"http:\/\/bursaintegracyjna.szczecin.pl\/index.php\/oferta\/#primaryimage\",\"url\":\"https:\/\/bursaintegracyjna.szczecin.pl\/wordpress\/wp-content\/uploads\/2011\/03\/064.jpg\",\"contentUrl\":\"https:\/\/bursaintegracyjna.szczecin.pl\/wordpress\/wp-content\/uploads\/2011\/03\/064.jpg\",\"width\":1120,\"height\":630},{\"@type\":\"WebPage\",\"@id\":\"http:\/\/bursaintegracyjna.szczecin.pl\/index.php\/oferta\/#webpage\",\"url\":\"http:\/\/bursaintegracyjna.szczecin.pl\/index.php\/oferta\/\",\"name\":\"Oferta - Bursa Szkolna Integracyjna\",\"isPartOf\":{\"@id\":\"http:\/\/bursaintegracyjna.szczecin.pl\/#website\"},\"primaryImageOfPage\":{\"@id\":\"http:\/\/bursaintegracyjna.szczecin.pl\/index.php\/oferta\/#primaryimage\"},\"datePublished\":\"2017-02-05T11:41:54+00:00\",\"dateModified\":\"2023-08-24T14:26:41+00:00\",\"breadcrumb\":{\"@id\":\"http:\/\/bursaintegracyjna.szczecin.pl\/index.php\/oferta\/#breadcrumb\"},\"inLanguage\":\"pl-PL\",\"potentialAction\":[{\"@type\":\"ReadAction\",\"target\":[\"http:\/\/bursaintegracyjna.szczecin.pl\/index.php\/oferta\/\"]}]},{\"@type\":\"BreadcrumbList\",\"@id\":\"http:\/\/bursaintegracyjna.szczecin.pl\/index.php\/oferta\/#breadcrumb\",\"itemListElement\":[{\"@type\":\"ListItem\",\"position\":1,\"name\":\"Strona g\u0142\u00f3wna\",\"item\":\"http:\/\/bursaintegracyjna.szczecin.pl\/\"},{\"@type\":\"ListItem\",\"position\":2,\"name\":\"Oferta\"}]}]}<\/script>\n<!-- \/ Yoast SEO plugin. -->","yoast_head_json":{"title":"Oferta - Bursa Szkolna Integracyjna","robots":{"index":"index","follow":"follow","max-snippet":"max-snippet:-1","max-image-preview":"max-image-preview:large","max-video-preview":"max-video-preview:-1"},"canonical":"http:\/\/bursaintegracyjna.szczecin.pl\/index.php\/oferta\/","og_locale":"pl_PL","og_type":"article","og_title":"Oferta - Bursa Szkolna Integracyjna","og_description":"Warunki socjalno-bytowe: zakwaterowanie w pokojach 3-4 osobowych, ca\u0142odzienne wy\u017cywienie, biblioteka i czytelnia, klub, \u015bwietlica, bezprzewodowy Internet bilard, tenis sto\u0142owy. Bursa w obecnym roku szkolnym rozpocz\u0119\u0142a proces stopniowej modernizacji zar\u00f3wno z ...","og_url":"http:\/\/bursaintegracyjna.szczecin.pl\/index.php\/oferta\/","og_site_name":"Bursa Szkolna Integracyjna","article_modified_time":"2023-08-24T14:26:41+00:00","og_image":[{"url":"http:\/\/bursaintegracyjna.szczecin.pl\/wordpress\/wp-content\/uploads\/2011\/03\/064.jpg"}],"twitter_card":"summary","twitter_misc":{"Szacowany czas czytania":"4 minuty"},"schema":{"@context":"https:\/\/schema.org","@graph":[{"@type":"Organization","@id":"http:\/\/bursaintegracyjna.szczecin.pl\/#organization","name":"Bursa Szkolna Integracyjna","url":"http:\/\/bursaintegracyjna.szczecin.pl\/","sameAs":[],"logo":{"@type":"ImageObject","inLanguage":"pl-PL","@id":"http:\/\/bursaintegracyjna.szczecin.pl\/#\/schema\/logo\/image\/","url":"http:\/\/bursaintegracyjna.szczecin.pl\/wordpress\/wp-content\/uploads\/2017\/01\/indeks.png","contentUrl":"http:\/\/bursaintegracyjna.szczecin.pl\/wordpress\/wp-content\/uploads\/2017\/01\/indeks.png","width":645,"height":826,"caption":"Bursa Szkolna Integracyjna"},"image":{"@id":"http:\/\/bursaintegracyjna.szczecin.pl\/#\/schema\/logo\/image\/"}},{"@type":"WebSite","@id":"http:\/\/bursaintegracyjna.szczecin.pl\/#website","url":"http:\/\/bursaintegracyjna.szczecin.pl\/","name":"Bursa Szkolna Integracyjna","description":"Bursa Szkolna Integracyjna - \u201eBursa przy Zygmunta\u201d to plac\u00f3wka wyj\u0105tkowa, skupiaj\u0105ca m\u0142odzie\u017c w r\u00f3\u017cnym wieku, z r\u00f3\u017cnych \u015brodowisk z terenu ca\u0142ego wojew\u00f3dztwa, a nawet kraju.","publisher":{"@id":"http:\/\/bursaintegracyjna.szczecin.pl\/#organization"},"potentialAction":[{"@type":"SearchAction","target":{"@type":"EntryPoint","urlTemplate":"http:\/\/bursaintegracyjna.szczecin.pl\/?s={search_term_string}"},"query-input":"required name=search_term_string"}],"inLanguage":"pl-PL"},{"@type":"ImageObject","inLanguage":"pl-PL","@id":"http:\/\/bursaintegracyjna.szczecin.pl\/index.php\/oferta\/#primaryimage","url":"https:\/\/bursaintegracyjna.szczecin.pl\/wordpress\/wp-content\/uploads\/2011\/03\/064.jpg","contentUrl":"https:\/\/bursaintegracyjna.szczecin.pl\/wordpress\/wp-content\/uploads\/2011\/03\/064.jpg","width":1120,"height":630},{"@type":"WebPage","@id":"http:\/\/bursaintegracyjna.szczecin.pl\/index.php\/oferta\/#webpage","url":"http:\/\/bursaintegracyjna.szczecin.pl\/index.php\/oferta\/","name":"Oferta - Bursa Szkolna Integracyjna","isPartOf":{"@id":"http:\/\/bursaintegracyjna.szczecin.pl\/#website"},"primaryImageOfPage":{"@id":"http:\/\/bursaintegracyjna.szczecin.pl\/index.php\/oferta\/#primaryimage"},"datePublished":"2017-02-05T11:41:54+00:00","dateModified":"2023-08-24T14:26:41+00:00","breadcrumb":{"@id":"http:\/\/bursaintegracyjna.szczecin.pl\/index.php\/oferta\/#breadcrumb"},"inLanguage":"pl-PL","potentialAction":[{"@type":"ReadAction","target":["http:\/\/bursaintegracyjna.szczecin.pl\/index.php\/oferta\/"]}]},{"@type":"BreadcrumbList","@id":"http:\/\/bursaintegracyjna.szczecin.pl\/index.php\/oferta\/#breadcrumb","itemListElement":[{"@type":"ListItem","position":1,"name":"Strona g\u0142\u00f3wna","item":"http:\/\/bursaintegracyjna.szczecin.pl\/"},{"@type":"ListItem","position":2,"name":"Oferta"}]}]}},"_links":{"self":[{"href":"https:\/\/bursaintegracyjna.szczecin.pl\/index.php\/wp-json\/wp\/v2\/pages\/517"}],"collection":[{"href":"https:\/\/bursaintegracyjna.szczecin.pl\/index.php\/wp-json\/wp\/v2\/pages"}],"about":[{"href":"https:\/\/bursaintegracyjna.szczecin.pl\/index.php\/wp-json\/wp\/v2\/types\/page"}],"author":[{"embeddable":true,"href":"https:\/\/bursaintegracyjna.szczecin.pl\/index.php\/wp-json\/wp\/v2\/users\/1"}],"replies":[{"embeddable":true,"href":"https:\/\/bursaintegracyjna.szczecin.pl\/index.php\/wp-json\/wp\/v2\/comments?post=517"}],"version-history":[{"count":40,"href":"https:\/\/bursaintegracyjna.szczecin.pl\/index.php\/wp-json\/wp\/v2\/pages\/517\/revisions"}],"predecessor-version":[{"id":7049,"href":"https:\/\/bursaintegracyjna.szczecin.pl\/index.php\/wp-json\/wp\/v2\/pages\/517\/revisions\/7049"}],"wp:attachment":[{"href":"https:\/\/bursaintegracyjna.szczecin.pl\/index.php\/wp-json\/wp\/v2\/media?parent=517"}],"curies":[{"name":"wp","href":"https:\/\/api.w.org\/{rel}","templated":true}]}}