{"id":6351,"date":"2021-03-30T01:36:32","date_gmt":"2021-03-29T23:36:32","guid":{"rendered":"http:\/\/bursaintegracyjna.szczecin.pl\/?page_id=6351"},"modified":"2026-03-17T17:49:36","modified_gmt":"2026-03-17T16:49:36","slug":"deklaracja-dostepnosci","status":"publish","type":"page","link":"https:\/\/bursaintegracyjna.szczecin.pl\/index.php\/deklaracja-dostepnosci\/","title":{"rendered":"Deklaracja dost\u0119pno\u015bci"},"content":{"rendered":"\n<p><strong>&nbsp;<\/strong><\/p>\n<p><span style=\"color: #3366ff;\"><strong>Deklaracja dost\u0119pno\u015bci dla strony internetowej: <\/strong>bursaintegracyjna.szczecin.pl<\/span><\/p>\n<p><strong>&nbsp;<\/strong><\/p>\n<p>Bursa Szkolna Integracyjna w Szczecinie zobowi\u0105zuje si\u0119 zapewni\u0107 dost\u0119pno\u015b\u0107 swojej strony internetowej zgodnie z&nbsp;ustaw\u0105 z dnia 4 kwietnia 2019&nbsp;r. o dost\u0119pno\u015bci cyfrowej stron internetowych i aplikacji mobilnych podmiot\u00f3w publicznych.<\/p>\n<p>Niniejsze o\u015bwiadczenie w sprawie dost\u0119pno\u015bci ma zastosowanie do strony internetowej Bursy Szkolnej Integracyjnej w Szczecinie<br>&nbsp;<\/p>\n<p>Data publikacji strony internetowej: 10.01.2014 r.<br>Data ostatniej istotnej aktualizacji: 14.03.2022 r.<\/p>\n<p><strong>&nbsp;<\/strong><\/p>\n<p><span style=\"color: #3366ff;\"><strong><u>Status pod wzgl\u0119dem zgodno\u015bci z ustaw\u0105<\/u><\/strong><\/span><\/p>\n<p>&nbsp;Strona internetowa jest cz\u0119\u015bciowo zgodna z ustaw\u0105 z dnia 4 kwietnia 2019 r. o dost\u0119pno\u015bci cyfrowej stron internetowych i aplikacji mobilnych podmiot\u00f3w publicznych z powodu niezgodno\u015bci lub wy\u0142\u0105cze\u0144 wymienionych poni\u017cej:<\/p>\n<ul>\n<li>Zamieszczone na stronie publikacje w formie plik\u00f3w PDF nie s\u0105 dost\u0119pne cyfrowo w ca\u0142o\u015bci. Pliki nie s\u0105 zabezpieczone przed kopiowaniem.<\/li>\n<li>Opublikowane zdj\u0119cia nie posiadaj\u0105 opisu alternatywnego, maj\u0105 one charakter promocyjny oraz pogl\u0105dowy&nbsp; i nie s\u0105 wykorzystywane do realizacji bie\u017c\u0105cych zada\u0144.<\/li>\n<li>Niekt\u00f3re elementy w stopce strony nie maj\u0105 wystarczaj\u0105cego kontrastu.<\/li>\n<li>Brak jest transkrypcji opisowej niekt\u00f3rych materia\u0142\u00f3w d\u017awi\u0119kowych.<\/li>\n<li>Brak dost\u0119pno\u015bci wszystkich funkcjonalno\u015bci za pomoc\u0105 klawiatury.<\/li>\n<li>Niekt\u00f3re z zamieszczonych plik\u00f3w to graficzne pliki PDF.<\/li>\n<li>Niekt\u00f3re informacje przedstawiono jedynie w formie graficznej.<\/li>\n<\/ul>\n<p>Bursa Szkolna Integracyjna nie posiada aplikacji mobilnych&nbsp;.<\/p>\n<p>&nbsp;<\/p>\n<p><span style=\"color: #3366ff;\"><strong><u>Data sporz\u0105dzenia Deklaracji i metoda oceny dost\u0119pno\u015bci cyfrowej<\/u><\/strong><\/span><\/p>\n<p>Niniejsze o\u015bwiadczenie sporz\u0105dzono dnia 2022.03.14, zaktualizowano dnia 2026.03.17.<\/p>\n<p>Deklaracj\u0119 sporz\u0105dzono na podstawie samooceny przeprowadzonej przez podmiot publiczny.<\/p>\n<p>&nbsp;<\/p>\n<p><span style=\"color: #3366ff;\"><strong><u>Informacje zwrotne i dane kontaktowe<\/u><\/strong><\/span><\/p>\n<p>&nbsp;W przypadku problem\u00f3w z dost\u0119pno\u015bci\u0105 strony internetowej prosimy o kontakt. Osob\u0105 odpowiedzialn\u0105 jest dyrektor Bursy Szkolnej Integracyjnej Anna Kozie\u0142, adres poczty elektronicznej: <strong>bsi@misto.szczecin.pl,<\/strong> telefon 91 434-68-35. T\u0105 sam\u0105 drog\u0105 mo\u017cna sk\u0142ada\u0107 wnioski o udost\u0119pnienie informacji niedost\u0119pnej cyfrowo oraz sk\u0142ada\u0107 \u017c\u0105dania zapewnienia dost\u0119pno\u015bci cyfrowej.<\/p>\n<p>&nbsp;Ka\u017cdy ma prawo do wyst\u0105pienia z \u017c\u0105daniem zapewnienia dost\u0119pno\u015bci cyfrowej strony internetowej lub jakiego\u015b jej elementu. \u017b\u0105danie powinno zawiera\u0107 dane osoby zg\u0142aszaj\u0105cej, wskazanie, o kt\u00f3r\u0105 stron\u0119 internetow\u0105 chodzi oraz spos\u00f3b kontaktu. Je\u017celi osoba \u017c\u0105daj\u0105ca zg\u0142asza potrzeb\u0119 otrzymania informacji za pomoc\u0105 alternatywnego sposobu dost\u0119pu, powinna tak\u017ce okre\u015bli\u0107 dogodny dla niej spos\u00f3b przedstawienia tej informacji.<\/p>\n<p>&nbsp;Podmiot publiczny powinien zrealizowa\u0107 \u017c\u0105danie niezw\u0142ocznie, nie p\u00f3\u017aniej ni\u017c w&nbsp;ci\u0105gu 7 dni od dnia wyst\u0105pienia z \u017c\u0105daniem. Je\u017celi dotrzymanie tego terminu nie jest mo\u017cliwe, podmiot publiczny niezw\u0142ocznie informuje o tym wnosz\u0105cego \u017c\u0105danie, kiedy realizacja \u017c\u0105dania b\u0119dzie mo\u017cliwa, przy czym termin ten nie mo\u017ce by\u0107 d\u0142u\u017cszy ni\u017c 2 miesi\u0105ce od dnia wyst\u0105pienia z \u017c\u0105daniem. Je\u017celi zapewnienie dost\u0119pno\u015bci cyfrowej nie jest mo\u017cliwe, podmiot publiczny mo\u017ce zaproponowa\u0107 alternatywny spos\u00f3b dost\u0119pu do informacji.<\/p>\n<p>W przypadku, gdy podmiot publiczny odm\u00f3wi realizacji \u017c\u0105dania zapewnienia dost\u0119pno\u015bci lub alternatywnego dost\u0119pu do informacji, mo\u017cna z\u0142o\u017cy\u0107 do podmiotu skarg\u0119 na takie dzia\u0142anie.<\/p>\n<p>Po wyczerpaniu wskazanej wy\u017cej procedury skarg\u0119 mo\u017cna z\u0142o\u017cy\u0107 do Rzecznika Praw Obywatelskich <a href=\"https:\/\/www.rpo.gov.pl\/pl\"><span style=\"color: #3366ff;\">https:\/\/www.rpo.gov.pl\/pl<\/span><\/a><\/p>\n<p>&nbsp;<\/p>\n<p><span style=\"color: #3366ff;\"><strong>&nbsp;<u>Dost\u0119pno\u015b\u0107 architektoniczna<\/u><\/strong><\/span><\/p>\n<p>Siedziba bursy mie\u015bci si\u0119 w zabytkowym budynku przy ul. Zygmunta Starego 1 w Szczecinie . Bursa posiada dwa wej\u015bcia \u2013 g\u0142\u00f3wne i gospodarcze. Do g\u0142\u00f3wnego wej\u015bcia prowadzi bezpo\u015brednio chodnik. Teren wok\u00f3\u0142 budynku jest utwardzony. Wyznaczone s\u0105 miejsca parkingowe z jednym stanowiskiem dla os\u00f3b niepe\u0142nosprawnych. Przy wej\u015bciu g\u0142\u00f3wnym znajduje si\u0119 portiernia ze stanowiskiem informacyjnym do kt\u00f3rej prowadz\u0105 schody co uniemo\u017cliwia poruszanie si\u0119 os\u00f3b na w\u00f3zkach inwalidzkich. W przypadku konieczno\u015bci kontaktu z pracownikami bursy, zostanie on poproszony przez portiera. Brakuje obni\u017conych lad. Toaleta dla interesant\u00f3w o specjalnych potrzebach jest niedost\u0119pne. Do budynku mo\u017cna wej\u015b\u0107 z psem asystuj\u0105cym i psem przewodnikiem. Wej\u015bcie gospodarcze jest w\u0105skie i schodami prowadzi do poziomu przyziemia co uniemo\u017cliwia poruszanie si\u0119 os\u00f3b niepe\u0142nosprawnych. W budynku nie ma oznacze\u0144 w alfabecie brajla, ani oznacze\u0144 kontrastowych lub w druku powi\u0119kszonym dla os\u00f3b niewidomych. Nie mo\u017cna skorzysta\u0107 z internetowego t\u0142umacza polskiego j\u0119zyka migowego. Ca\u0142y budynek bursy w kt\u00f3rym mieszka m\u0142odzie\u017c nie&nbsp; jest przystosowany dla os\u00f3b z trudno\u015bciami w poruszaniu si\u0119, niewidomych.<\/p>\n","protected":false},"excerpt":{"rendered":"<p>&nbsp; Deklaracja dost\u0119pno\u015bci dla strony internetowej: bursaintegracyjna.szczecin.pl &nbsp; Bursa Szkolna Integracyjna w Szczecinie zobowi\u0105zuje si\u0119 zapewni\u0107 dost\u0119pno\u015b\u0107 swojej strony internetowej zgodnie z&nbsp;ustaw\u0105 z dnia 4 kwietnia 2019&nbsp;r. o dost\u0119pno\u015bci cyfrowej &#8230;<\/p>\n","protected":false},"author":10,"featured_media":0,"parent":0,"menu_order":0,"comment_status":"closed","ping_status":"closed","template":"","meta":{"ngg_post_thumbnail":0},"yoast_head":"<!-- This site is optimized with the Yoast SEO plugin v18.9 - https:\/\/yoast.com\/wordpress\/plugins\/seo\/ -->\n<title>Deklaracja dost\u0119pno\u015bci - Bursa Szkolna Integracyjna<\/title>\n<meta name=\"robots\" content=\"index, follow, max-snippet:-1, max-image-preview:large, max-video-preview:-1\" \/>\n<link rel=\"canonical\" href=\"http:\/\/bursaintegracyjna.szczecin.pl\/index.php\/deklaracja-dostepnosci\/\" \/>\n<meta property=\"og:locale\" content=\"pl_PL\" \/>\n<meta property=\"og:type\" content=\"article\" \/>\n<meta property=\"og:title\" content=\"Deklaracja dost\u0119pno\u015bci - Bursa Szkolna Integracyjna\" \/>\n<meta property=\"og:description\" content=\"&nbsp; Deklaracja dost\u0119pno\u015bci dla strony internetowej: bursaintegracyjna.szczecin.pl &nbsp; Bursa Szkolna Integracyjna w Szczecinie zobowi\u0105zuje si\u0119 zapewni\u0107 dost\u0119pno\u015b\u0107 swojej strony internetowej zgodnie z&nbsp;ustaw\u0105 z dnia 4 kwietnia 2019&nbsp;r. o dost\u0119pno\u015bci cyfrowej ...\" \/>\n<meta property=\"og:url\" content=\"http:\/\/bursaintegracyjna.szczecin.pl\/index.php\/deklaracja-dostepnosci\/\" \/>\n<meta property=\"og:site_name\" content=\"Bursa Szkolna Integracyjna\" \/>\n<meta property=\"article:modified_time\" content=\"2026-03-17T16:49:36+00:00\" \/>\n<meta name=\"twitter:card\" content=\"summary\" \/>\n<meta name=\"twitter:label1\" content=\"Szacowany czas czytania\" \/>\n\t<meta name=\"twitter:data1\" content=\"4 minuty\" \/>\n<script type=\"application\/ld+json\" class=\"yoast-schema-graph\">{\"@context\":\"https:\/\/schema.org\",\"@graph\":[{\"@type\":\"Organization\",\"@id\":\"https:\/\/bursaintegracyjna.szczecin.pl\/#organization\",\"name\":\"Bursa Szkolna Integracyjna\",\"url\":\"https:\/\/bursaintegracyjna.szczecin.pl\/\",\"sameAs\":[],\"logo\":{\"@type\":\"ImageObject\",\"inLanguage\":\"pl-PL\",\"@id\":\"https:\/\/bursaintegracyjna.szczecin.pl\/#\/schema\/logo\/image\/\",\"url\":\"http:\/\/bursaintegracyjna.szczecin.pl\/wordpress\/wp-content\/uploads\/2017\/01\/indeks.png\",\"contentUrl\":\"http:\/\/bursaintegracyjna.szczecin.pl\/wordpress\/wp-content\/uploads\/2017\/01\/indeks.png\",\"width\":645,\"height\":826,\"caption\":\"Bursa Szkolna Integracyjna\"},\"image\":{\"@id\":\"https:\/\/bursaintegracyjna.szczecin.pl\/#\/schema\/logo\/image\/\"}},{\"@type\":\"WebSite\",\"@id\":\"https:\/\/bursaintegracyjna.szczecin.pl\/#website\",\"url\":\"https:\/\/bursaintegracyjna.szczecin.pl\/\",\"name\":\"Bursa Szkolna Integracyjna\",\"description\":\"Bursa Szkolna Integracyjna - \u201eBursa przy Zygmunta\u201d to plac\u00f3wka wyj\u0105tkowa, skupiaj\u0105ca m\u0142odzie\u017c w r\u00f3\u017cnym wieku, z r\u00f3\u017cnych \u015brodowisk z terenu ca\u0142ego wojew\u00f3dztwa, a nawet kraju.\",\"publisher\":{\"@id\":\"https:\/\/bursaintegracyjna.szczecin.pl\/#organization\"},\"potentialAction\":[{\"@type\":\"SearchAction\",\"target\":{\"@type\":\"EntryPoint\",\"urlTemplate\":\"https:\/\/bursaintegracyjna.szczecin.pl\/?s={search_term_string}\"},\"query-input\":\"required name=search_term_string\"}],\"inLanguage\":\"pl-PL\"},{\"@type\":\"WebPage\",\"@id\":\"http:\/\/bursaintegracyjna.szczecin.pl\/index.php\/deklaracja-dostepnosci\/#webpage\",\"url\":\"http:\/\/bursaintegracyjna.szczecin.pl\/index.php\/deklaracja-dostepnosci\/\",\"name\":\"Deklaracja dost\u0119pno\u015bci - Bursa Szkolna Integracyjna\",\"isPartOf\":{\"@id\":\"https:\/\/bursaintegracyjna.szczecin.pl\/#website\"},\"datePublished\":\"2021-03-29T23:36:32+00:00\",\"dateModified\":\"2026-03-17T16:49:36+00:00\",\"breadcrumb\":{\"@id\":\"http:\/\/bursaintegracyjna.szczecin.pl\/index.php\/deklaracja-dostepnosci\/#breadcrumb\"},\"inLanguage\":\"pl-PL\",\"potentialAction\":[{\"@type\":\"ReadAction\",\"target\":[\"http:\/\/bursaintegracyjna.szczecin.pl\/index.php\/deklaracja-dostepnosci\/\"]}]},{\"@type\":\"BreadcrumbList\",\"@id\":\"http:\/\/bursaintegracyjna.szczecin.pl\/index.php\/deklaracja-dostepnosci\/#breadcrumb\",\"itemListElement\":[{\"@type\":\"ListItem\",\"position\":1,\"name\":\"Strona g\u0142\u00f3wna\",\"item\":\"https:\/\/bursaintegracyjna.szczecin.pl\/\"},{\"@type\":\"ListItem\",\"position\":2,\"name\":\"Deklaracja dost\u0119pno\u015bci\"}]}]}<\/script>\n<!-- \/ Yoast SEO plugin. -->","yoast_head_json":{"title":"Deklaracja dost\u0119pno\u015bci - Bursa Szkolna Integracyjna","robots":{"index":"index","follow":"follow","max-snippet":"max-snippet:-1","max-image-preview":"max-image-preview:large","max-video-preview":"max-video-preview:-1"},"canonical":"http:\/\/bursaintegracyjna.szczecin.pl\/index.php\/deklaracja-dostepnosci\/","og_locale":"pl_PL","og_type":"article","og_title":"Deklaracja dost\u0119pno\u015bci - Bursa Szkolna Integracyjna","og_description":"&nbsp; Deklaracja dost\u0119pno\u015bci dla strony internetowej: bursaintegracyjna.szczecin.pl &nbsp; Bursa Szkolna Integracyjna w Szczecinie zobowi\u0105zuje si\u0119 zapewni\u0107 dost\u0119pno\u015b\u0107 swojej strony internetowej zgodnie z&nbsp;ustaw\u0105 z dnia 4 kwietnia 2019&nbsp;r. o dost\u0119pno\u015bci cyfrowej ...","og_url":"http:\/\/bursaintegracyjna.szczecin.pl\/index.php\/deklaracja-dostepnosci\/","og_site_name":"Bursa Szkolna Integracyjna","article_modified_time":"2026-03-17T16:49:36+00:00","twitter_card":"summary","twitter_misc":{"Szacowany czas czytania":"4 minuty"},"schema":{"@context":"https:\/\/schema.org","@graph":[{"@type":"Organization","@id":"https:\/\/bursaintegracyjna.szczecin.pl\/#organization","name":"Bursa Szkolna Integracyjna","url":"https:\/\/bursaintegracyjna.szczecin.pl\/","sameAs":[],"logo":{"@type":"ImageObject","inLanguage":"pl-PL","@id":"https:\/\/bursaintegracyjna.szczecin.pl\/#\/schema\/logo\/image\/","url":"http:\/\/bursaintegracyjna.szczecin.pl\/wordpress\/wp-content\/uploads\/2017\/01\/indeks.png","contentUrl":"http:\/\/bursaintegracyjna.szczecin.pl\/wordpress\/wp-content\/uploads\/2017\/01\/indeks.png","width":645,"height":826,"caption":"Bursa Szkolna Integracyjna"},"image":{"@id":"https:\/\/bursaintegracyjna.szczecin.pl\/#\/schema\/logo\/image\/"}},{"@type":"WebSite","@id":"https:\/\/bursaintegracyjna.szczecin.pl\/#website","url":"https:\/\/bursaintegracyjna.szczecin.pl\/","name":"Bursa Szkolna Integracyjna","description":"Bursa Szkolna Integracyjna - \u201eBursa przy Zygmunta\u201d to plac\u00f3wka wyj\u0105tkowa, skupiaj\u0105ca m\u0142odzie\u017c w r\u00f3\u017cnym wieku, z r\u00f3\u017cnych \u015brodowisk z terenu ca\u0142ego wojew\u00f3dztwa, a nawet kraju.","publisher":{"@id":"https:\/\/bursaintegracyjna.szczecin.pl\/#organization"},"potentialAction":[{"@type":"SearchAction","target":{"@type":"EntryPoint","urlTemplate":"https:\/\/bursaintegracyjna.szczecin.pl\/?s={search_term_string}"},"query-input":"required name=search_term_string"}],"inLanguage":"pl-PL"},{"@type":"WebPage","@id":"http:\/\/bursaintegracyjna.szczecin.pl\/index.php\/deklaracja-dostepnosci\/#webpage","url":"http:\/\/bursaintegracyjna.szczecin.pl\/index.php\/deklaracja-dostepnosci\/","name":"Deklaracja dost\u0119pno\u015bci - Bursa Szkolna Integracyjna","isPartOf":{"@id":"https:\/\/bursaintegracyjna.szczecin.pl\/#website"},"datePublished":"2021-03-29T23:36:32+00:00","dateModified":"2026-03-17T16:49:36+00:00","breadcrumb":{"@id":"http:\/\/bursaintegracyjna.szczecin.pl\/index.php\/deklaracja-dostepnosci\/#breadcrumb"},"inLanguage":"pl-PL","potentialAction":[{"@type":"ReadAction","target":["http:\/\/bursaintegracyjna.szczecin.pl\/index.php\/deklaracja-dostepnosci\/"]}]},{"@type":"BreadcrumbList","@id":"http:\/\/bursaintegracyjna.szczecin.pl\/index.php\/deklaracja-dostepnosci\/#breadcrumb","itemListElement":[{"@type":"ListItem","position":1,"name":"Strona g\u0142\u00f3wna","item":"https:\/\/bursaintegracyjna.szczecin.pl\/"},{"@type":"ListItem","position":2,"name":"Deklaracja dost\u0119pno\u015bci"}]}]}},"_links":{"self":[{"href":"https:\/\/bursaintegracyjna.szczecin.pl\/index.php\/wp-json\/wp\/v2\/pages\/6351"}],"collection":[{"href":"https:\/\/bursaintegracyjna.szczecin.pl\/index.php\/wp-json\/wp\/v2\/pages"}],"about":[{"href":"https:\/\/bursaintegracyjna.szczecin.pl\/index.php\/wp-json\/wp\/v2\/types\/page"}],"author":[{"embeddable":true,"href":"https:\/\/bursaintegracyjna.szczecin.pl\/index.php\/wp-json\/wp\/v2\/users\/10"}],"replies":[{"embeddable":true,"href":"https:\/\/bursaintegracyjna.szczecin.pl\/index.php\/wp-json\/wp\/v2\/comments?post=6351"}],"version-history":[{"count":9,"href":"https:\/\/bursaintegracyjna.szczecin.pl\/index.php\/wp-json\/wp\/v2\/pages\/6351\/revisions"}],"predecessor-version":[{"id":7618,"href":"https:\/\/bursaintegracyjna.szczecin.pl\/index.php\/wp-json\/wp\/v2\/pages\/6351\/revisions\/7618"}],"wp:attachment":[{"href":"https:\/\/bursaintegracyjna.szczecin.pl\/index.php\/wp-json\/wp\/v2\/media?parent=6351"}],"curies":[{"name":"wp","href":"https:\/\/api.w.org\/{rel}","templated":true}]}}